{"id":439,"date":"2021-06-25T13:34:53","date_gmt":"2021-06-25T11:34:53","guid":{"rendered":"https:\/\/gushu-hotpot.de\/?page_id=439"},"modified":"2024-07-22T06:46:50","modified_gmt":"2024-07-22T04:46:50","slug":"elementor-439","status":"publish","type":"page","link":"https:\/\/gushu-hotpot.de\/index.php\/elementor-439\/","title":{"rendered":"Catering"},"content":{"rendered":"\t\t<div data-elementor-type=\"wp-page\" data-elementor-id=\"439\" class=\"elementor elementor-439\" data-elementor-settings=\"[]\">\n\t\t\t\t\t\t\t<div class=\"elementor-section-wrap\">\n\t\t\t\t\t\t\t<section class=\"elementor-section elementor-top-section elementor-element elementor-element-9bade3e elementor-section-boxed elementor-section-height-default elementor-section-height-default\" data-id=\"9bade3e\" data-element_type=\"section\">\n\t\t\t\t\t\t<div class=\"elementor-container elementor-column-gap-default\">\n\t\t\t\t\t<div class=\"elementor-column elementor-col-100 elementor-top-column elementor-element elementor-element-e66b778\" data-id=\"e66b778\" data-element_type=\"column\">\n\t\t\t<div class=\"elementor-widget-wrap elementor-element-populated\">\n\t\t\t\t\t\t\t\t<div class=\"elementor-element elementor-element-2a5f675 elementor-widget elementor-widget-heading\" data-id=\"2a5f675\" data-element_type=\"widget\" data-widget_type=\"heading.default\">\n\t\t\t\t<div class=\"elementor-widget-container\">\n\t\t\t<h5 class=\"elementor-heading-title elementor-size-default\">\u627f\u529e\u9152\u5e2d\/\u805a\u9910\/\u6d3e\u5bf9<\/h5>\t\t<\/div>\n\t\t\t\t<\/div>\n\t\t\t\t<div class=\"elementor-element elementor-element-7a9e44e elementor-widget elementor-widget-heading\" data-id=\"7a9e44e\" data-element_type=\"widget\" data-widget_type=\"heading.default\">\n\t\t\t\t<div class=\"elementor-widget-container\">\n\t\t\t<h1 class=\"elementor-heading-title elementor-size-default\">Catering<\/h1>\t\t<\/div>\n\t\t\t\t<\/div>\n\t\t\t\t\t<\/div>\n\t\t<\/div>\n\t\t\t\t\t\t\t<\/div>\n\t\t<\/section>\n\t\t\t\t<section class=\"elementor-section elementor-top-section elementor-element elementor-element-7d91587 elementor-section-boxed elementor-section-height-default elementor-section-height-default\" data-id=\"7d91587\" data-element_type=\"section\">\n\t\t\t\t\t\t<div class=\"elementor-container elementor-column-gap-custom\">\n\t\t\t\t\t<div class=\"elementor-column elementor-col-50 elementor-top-column elementor-element elementor-element-39f799c elementor-hidden-tablet elementor-hidden-mobile\" data-id=\"39f799c\" data-element_type=\"column\">\n\t\t\t<div class=\"elementor-widget-wrap elementor-element-populated\">\n\t\t\t\t\t\t\t\t<section class=\"elementor-section elementor-inner-section elementor-element elementor-element-6ad8802 elementor-section-boxed elementor-section-height-default elementor-section-height-default\" data-id=\"6ad8802\" data-element_type=\"section\">\n\t\t\t\t\t\t<div class=\"elementor-container elementor-column-gap-default\">\n\t\t\t\t\t<div class=\"elementor-column elementor-col-50 elementor-inner-column elementor-element elementor-element-f5d831e\" data-id=\"f5d831e\" data-element_type=\"column\">\n\t\t\t<div class=\"elementor-widget-wrap elementor-element-populated\">\n\t\t\t\t\t\t\t\t<div class=\"elementor-element elementor-element-1841533 elementor-absolute elementor-widget elementor-widget-image\" data-id=\"1841533\" data-element_type=\"widget\" data-settings=\"{&quot;_position&quot;:&quot;absolute&quot;}\" data-widget_type=\"image.default\">\n\t\t\t\t<div class=\"elementor-widget-container\">\n\t\t\t\t\t\t\t\t\t\t\t\t\t\t\t<img loading=\"lazy\" decoding=\"async\" width=\"1280\" height=\"1706\" src=\"https:\/\/gushu-hotpot.de\/wp-content\/uploads\/2021\/12\/1.jpg\" class=\"attachment-full size-full\" alt=\"\" srcset=\"https:\/\/gushu-hotpot.de\/wp-content\/uploads\/2021\/12\/1.jpg 1280w, https:\/\/gushu-hotpot.de\/wp-content\/uploads\/2021\/12\/1-225x300.jpg 225w, https:\/\/gushu-hotpot.de\/wp-content\/uploads\/2021\/12\/1-768x1024.jpg 768w, https:\/\/gushu-hotpot.de\/wp-content\/uploads\/2021\/12\/1-1152x1536.jpg 1152w\" sizes=\"auto, (max-width: 1280px) 100vw, 1280px\" \/>\t\t\t\t\t\t\t\t\t\t\t\t\t\t\t<\/div>\n\t\t\t\t<\/div>\n\t\t\t\t\t<\/div>\n\t\t<\/div>\n\t\t\t\t<div class=\"elementor-column elementor-col-50 elementor-inner-column elementor-element elementor-element-74fed1d\" data-id=\"74fed1d\" data-element_type=\"column\">\n\t\t\t<div class=\"elementor-widget-wrap elementor-element-populated\">\n\t\t\t\t\t\t\t\t<div class=\"elementor-element elementor-element-89e3adc elementor-absolute elementor-widget elementor-widget-image\" data-id=\"89e3adc\" data-element_type=\"widget\" data-settings=\"{&quot;_position&quot;:&quot;absolute&quot;}\" data-widget_type=\"image.default\">\n\t\t\t\t<div class=\"elementor-widget-container\">\n\t\t\t\t\t\t\t\t\t\t\t\t\t\t\t<img loading=\"lazy\" decoding=\"async\" width=\"1280\" height=\"1706\" src=\"https:\/\/gushu-hotpot.de\/wp-content\/uploads\/2021\/12\/5.jpg\" class=\"attachment-full size-full\" alt=\"\" srcset=\"https:\/\/gushu-hotpot.de\/wp-content\/uploads\/2021\/12\/5.jpg 1280w, https:\/\/gushu-hotpot.de\/wp-content\/uploads\/2021\/12\/5-225x300.jpg 225w, https:\/\/gushu-hotpot.de\/wp-content\/uploads\/2021\/12\/5-768x1024.jpg 768w, https:\/\/gushu-hotpot.de\/wp-content\/uploads\/2021\/12\/5-1152x1536.jpg 1152w\" sizes=\"auto, (max-width: 1280px) 100vw, 1280px\" \/>\t\t\t\t\t\t\t\t\t\t\t\t\t\t\t<\/div>\n\t\t\t\t<\/div>\n\t\t\t\t\t<\/div>\n\t\t<\/div>\n\t\t\t\t\t\t\t<\/div>\n\t\t<\/section>\n\t\t\t\t\t<\/div>\n\t\t<\/div>\n\t\t\t\t<div class=\"elementor-column elementor-col-50 elementor-top-column elementor-element elementor-element-9aca13b\" data-id=\"9aca13b\" data-element_type=\"column\">\n\t\t\t<div class=\"elementor-widget-wrap elementor-element-populated\">\n\t\t\t\t\t\t\t\t<div class=\"elementor-element elementor-element-b893527 elementor-widget elementor-widget-heading\" data-id=\"b893527\" data-element_type=\"widget\" data-widget_type=\"heading.default\">\n\t\t\t\t<div class=\"elementor-widget-container\">\n\t\t\t<h4 class=\"elementor-heading-title elementor-size-default\">Gushu's CATERING<\/h4>\t\t<\/div>\n\t\t\t\t<\/div>\n\t\t\t\t<div class=\"elementor-element elementor-element-31ce277 elementor-widget elementor-widget-text-editor\" data-id=\"31ce277\" data-element_type=\"widget\" data-widget_type=\"text-editor.default\">\n\t\t\t\t<div class=\"elementor-widget-container\">\n\t\t\t\t\t\t\t<div id=\"mainContainer\" class=\"container\"><div class=\"row\"><div class=\"col-xs-12\"><div class=\"col-xs-12 col-md-6\"><p>Das neue asiatische Restaurant im B\u00fcrgersal bietet ab Mitte September chinesische K\u00fcche, Feuertopf vom Feinsten.<\/p><\/div><p><strong>Nat\u00fcrlich k\u00f6nnen Sie unsere R\u00e4ume\u00a0 auch f\u00fcr Feierlichkeiten und geschlossene Gesellschaften buchen.\u00a0<\/strong><\/p><\/div><\/div><\/div>\t\t\t\t\t\t<\/div>\n\t\t\t\t<\/div>\n\t\t\t\t<div class=\"elementor-element elementor-element-57695c4 elementor-widget elementor-widget-heading\" data-id=\"57695c4\" data-element_type=\"widget\" data-widget_type=\"heading.default\">\n\t\t\t\t<div class=\"elementor-widget-container\">\n\t\t\t<h5 class=\"elementor-heading-title elementor-size-default\">\u00d6ffnungszeiten<\/h5>\t\t<\/div>\n\t\t\t\t<\/div>\n\t\t\t\t<div class=\"elementor-element elementor-element-68a0f13 elementor-widget elementor-widget-heading\" data-id=\"68a0f13\" data-element_type=\"widget\" data-widget_type=\"heading.default\">\n\t\t\t\t<div class=\"elementor-widget-container\">\n\t\t\t<h6 class=\"elementor-heading-title elementor-size-default\">T\u00e4glich 11:30 ~ 15:00 und 17:30 ~ 23:00 Uhr<\/h6>\t\t<\/div>\n\t\t\t\t<\/div>\n\t\t\t\t<div class=\"elementor-element elementor-element-5364dba elementor-widget elementor-widget-heading\" data-id=\"5364dba\" data-element_type=\"widget\" data-widget_type=\"heading.default\">\n\t\t\t\t<div class=\"elementor-widget-container\">\n\t\t\t<h6 class=\"elementor-heading-title elementor-size-default\">Tel.: 089 818 89 098 \/ 089 818 89 098<\/h6>\t\t<\/div>\n\t\t\t\t<\/div>\n\t\t\t\t<div class=\"elementor-element elementor-element-03dcaa7 elementor-widget elementor-widget-heading\" data-id=\"03dcaa7\" data-element_type=\"widget\" data-widget_type=\"heading.default\">\n\t\t\t\t<div class=\"elementor-widget-container\">\n\t\t\t<h6 class=\"elementor-heading-title elementor-size-default\">Adresse: Z\u00fcricherstr. 35 \/ Ecke Forstenrieder <br>Allee 61 im Forum F\u00fcrstenried<br>\n81476 M\u00fcnchen <\/h6>\t\t<\/div>\n\t\t\t\t<\/div>\n\t\t\t\t\t<\/div>\n\t\t<\/div>\n\t\t\t\t\t\t\t<\/div>\n\t\t<\/section>\n\t\t\t\t<section class=\"elementor-section elementor-top-section elementor-element elementor-element-d29ea8b elementor-section-boxed elementor-section-height-default elementor-section-height-default\" data-id=\"d29ea8b\" data-element_type=\"section\">\n\t\t\t\t\t\t<div class=\"elementor-container elementor-column-gap-default\">\n\t\t\t\t\t<div class=\"elementor-column elementor-col-100 elementor-top-column elementor-element elementor-element-056d4bd\" data-id=\"056d4bd\" data-element_type=\"column\">\n\t\t\t<div class=\"elementor-widget-wrap elementor-element-populated\">\n\t\t\t\t\t\t\t\t<div class=\"elementor-element elementor-element-e6fcb26 elementor-aspect-ratio-169 elementor-widget elementor-widget-video\" data-id=\"e6fcb26\" data-element_type=\"widget\" data-settings=\"{&quot;video_type&quot;:&quot;hosted&quot;,&quot;controls&quot;:&quot;yes&quot;,&quot;aspect_ratio&quot;:&quot;169&quot;}\" data-widget_type=\"video.default\">\n\t\t\t\t<div class=\"elementor-widget-container\">\n\t\t\t\t\t<div class=\"e-hosted-video elementor-wrapper elementor-fit-aspect-ratio elementor-open-inline\">\n\t\t\t\t\t<video class=\"elementor-video\" src=\"http:\/\/gushu-hotpot.de\/wp-content\/uploads\/2021\/12\/WeChat_20211201095930.mp4\" controls=\"\" controlsList=\"nodownload\"><\/video>\n\t\t\t\t<\/div>\n\t\t\t\t<\/div>\n\t\t\t\t<\/div>\n\t\t\t\t\t<\/div>\n\t\t<\/div>\n\t\t\t\t\t\t\t<\/div>\n\t\t<\/section>\n\t\t\t\t\t\t<\/div>\n\t\t\t\t\t<\/div>\n\t\t","protected":false},"excerpt":{"rendered":"<p>\u627f\u529e\u9152\u5e2d\/\u805a\u9910\/\u6d3e\u5bf9 Catering Gushu&#8217;s CATERING Das neue asi &hellip;<\/p>\n<p class=\"read-more\"> <a class=\"\" href=\"https:\/\/gushu-hotpot.de\/index.php\/elementor-439\/\"> <span class=\"screen-reader-text\">Catering<\/span> \u67e5\u770b\u5168\u6587 &raquo;<\/a><\/p>\n","protected":false},"author":1,"featured_media":0,"parent":0,"menu_order":0,"comment_status":"closed","ping_status":"closed","template":"","meta":{"om_disable_all_campaigns":false,"_monsterinsights_skip_tracking":false,"_monsterinsights_sitenote_active":false,"_monsterinsights_sitenote_note":"","_monsterinsights_sitenote_category":0,"footnotes":""},"class_list":["post-439","page","type-page","status-publish","hentry"],"_links":{"self":[{"href":"https:\/\/gushu-hotpot.de\/index.php\/wp-json\/wp\/v2\/pages\/439","targetHints":{"allow":["GET"]}}],"collection":[{"href":"https:\/\/gushu-hotpot.de\/index.php\/wp-json\/wp\/v2\/pages"}],"about":[{"href":"https:\/\/gushu-hotpot.de\/index.php\/wp-json\/wp\/v2\/types\/page"}],"author":[{"embeddable":true,"href":"https:\/\/gushu-hotpot.de\/index.php\/wp-json\/wp\/v2\/users\/1"}],"replies":[{"embeddable":true,"href":"https:\/\/gushu-hotpot.de\/index.php\/wp-json\/wp\/v2\/comments?post=439"}],"version-history":[{"count":112,"href":"https:\/\/gushu-hotpot.de\/index.php\/wp-json\/wp\/v2\/pages\/439\/revisions"}],"predecessor-version":[{"id":1680,"href":"https:\/\/gushu-hotpot.de\/index.php\/wp-json\/wp\/v2\/pages\/439\/revisions\/1680"}],"wp:attachment":[{"href":"https:\/\/gushu-hotpot.de\/index.php\/wp-json\/wp\/v2\/media?parent=439"}],"curies":[{"name":"wp","href":"https:\/\/api.w.org\/{rel}","templated":true}]}}