{"id":105,"date":"2021-05-07T16:15:15","date_gmt":"2021-05-07T16:15:15","guid":{"rendered":"https:\/\/gushu-hotpot.de\/index.php\/about-2\/"},"modified":"2021-12-09T13:16:43","modified_gmt":"2021-12-09T12:16:43","slug":"about-2","status":"publish","type":"page","link":"https:\/\/gushu-hotpot.de\/index.php\/about-2\/","title":{"rendered":"About"},"content":{"rendered":"\t\t<div data-elementor-type=\"wp-page\" data-elementor-id=\"105\" class=\"elementor elementor-105\" data-elementor-settings=\"[]\">\n\t\t\t\t\t\t\t<div class=\"elementor-section-wrap\">\n\t\t\t\t\t\t\t<section class=\"elementor-section elementor-top-section elementor-element elementor-element-954acb8 elementor-section-boxed elementor-section-height-default elementor-section-height-default\" data-id=\"954acb8\" data-element_type=\"section\" data-settings=\"{&quot;background_background&quot;:&quot;classic&quot;}\">\n\t\t\t\t\t\t\t<div class=\"elementor-background-overlay\"><\/div>\n\t\t\t\t\t\t\t<div class=\"elementor-container elementor-column-gap-no\">\n\t\t\t\t\t<div class=\"elementor-column elementor-col-100 elementor-top-column elementor-element elementor-element-77d49fb\" data-id=\"77d49fb\" data-element_type=\"column\">\n\t\t\t<div class=\"elementor-widget-wrap elementor-element-populated\">\n\t\t\t\t\t\t\t\t<div class=\"elementor-element elementor-element-8386bc5 elementor-widget elementor-widget-heading\" data-id=\"8386bc5\" data-element_type=\"widget\" data-widget_type=\"heading.default\">\n\t\t\t\t<div class=\"elementor-widget-container\">\n\t\t\t<h5 class=\"elementor-heading-title elementor-size-default\">\u5173\u4e8e\u6211\u4eec<\/h5>\t\t<\/div>\n\t\t\t\t<\/div>\n\t\t\t\t<div class=\"elementor-element elementor-element-4164874 elementor-widget elementor-widget-heading\" data-id=\"4164874\" data-element_type=\"widget\" data-widget_type=\"heading.default\">\n\t\t\t\t<div class=\"elementor-widget-container\">\n\t\t\t<h1 class=\"elementor-heading-title elementor-size-default\">\u00dcber uns<\/h1>\t\t<\/div>\n\t\t\t\t<\/div>\n\t\t\t\t\t<\/div>\n\t\t<\/div>\n\t\t\t\t\t\t\t<\/div>\n\t\t<\/section>\n\t\t\t\t<section class=\"elementor-section elementor-top-section elementor-element elementor-element-c3c7397 elementor-section-boxed elementor-section-height-default elementor-section-height-default\" data-id=\"c3c7397\" data-element_type=\"section\">\n\t\t\t\t\t\t<div class=\"elementor-container elementor-column-gap-no\">\n\t\t\t\t\t<div class=\"elementor-column elementor-col-100 elementor-top-column elementor-element elementor-element-706dbbf\" data-id=\"706dbbf\" data-element_type=\"column\">\n\t\t\t<div class=\"elementor-widget-wrap elementor-element-populated\">\n\t\t\t\t\t\t\t\t<div class=\"elementor-element elementor-element-8fc1c07 elementor-widget elementor-widget-heading\" data-id=\"8fc1c07\" data-element_type=\"widget\" data-widget_type=\"heading.default\">\n\t\t\t\t<div class=\"elementor-widget-container\">\n\t\t\t<h2 class=\"elementor-heading-title elementor-size-default\">GuShu-Hotpot<\/h2>\t\t<\/div>\n\t\t\t\t<\/div>\n\t\t\t\t<div class=\"elementor-element elementor-element-8db730c elementor-widget elementor-widget-text-editor\" data-id=\"8db730c\" data-element_type=\"widget\" data-widget_type=\"text-editor.default\">\n\t\t\t\t<div class=\"elementor-widget-container\">\n\t\t\t\t\t\t\t<div class=\"title\">Willkommen bei Gushu Hotpot!<br \/>Im Gushu servieren wir Hotpot Spezialit\u00e4t aus Sichuan in China.<\/div><div class=\"title\">Was ist Hotpot fragen sie sich?<\/div><div class=\"title\">Beim Hotpot werden frische Zutaten in einer w\u00fcrzigen Br\u00fche am Tisch gegart, in Gushu bieten wir gro\u00dfen Auswahl und qualitativ hochwertige Zutaten an!<\/div><div class=\"title\">Von klassischem fein geschnittenem Lammfleisch bis zur exotischen Lotuswurzel!<br \/>Beim Gushu Hotpot geht es auch um beisammen sein und teilen, kommen Sie mit Freunden und Familie und Teilen Sie Ihre Essenserlebnis.<br \/>Haben wir Ihr Interesse geweckt? Oder Sie haben noch Fragen? Rufen Sie uns an oder schicken Sie uns eine E-Mail. Wir freuen uns auf Ihren Besuch!<\/div><div class=\"title\">Ihr Gushu-Team.<\/div>\t\t\t\t\t\t<\/div>\n\t\t\t\t<\/div>\n\t\t\t\t\t<\/div>\n\t\t<\/div>\n\t\t\t\t\t\t\t<\/div>\n\t\t<\/section>\n\t\t\t\t<section class=\"elementor-section elementor-top-section elementor-element elementor-element-91c0865 elementor-section-boxed elementor-section-height-default elementor-section-height-default\" data-id=\"91c0865\" data-element_type=\"section\">\n\t\t\t\t\t\t<div class=\"elementor-container elementor-column-gap-no\">\n\t\t\t\t\t<div class=\"elementor-column elementor-col-100 elementor-top-column elementor-element elementor-element-640074b\" data-id=\"640074b\" data-element_type=\"column\">\n\t\t\t<div class=\"elementor-widget-wrap elementor-element-populated\">\n\t\t\t\t\t\t\t\t<div class=\"elementor-element elementor-element-4436f56 elementor-widget elementor-widget-heading\" data-id=\"4436f56\" data-element_type=\"widget\" data-widget_type=\"heading.default\">\n\t\t\t\t<div class=\"elementor-widget-container\">\n\t\t\t<h2 class=\"elementor-heading-title elementor-size-default\">\u53e4\u8700\u706b\u9505<\/h2>\t\t<\/div>\n\t\t\t\t<\/div>\n\t\t\t\t<div class=\"elementor-element elementor-element-25ab820 elementor-widget elementor-widget-text-editor\" data-id=\"25ab820\" data-element_type=\"widget\" data-widget_type=\"text-editor.default\">\n\t\t\t\t<div class=\"elementor-widget-container\">\n\t\t\t\t\t\t\t<div class=\"title\">\u6b22\u8fce\u6765\u5230\u53e4\u8700\u706b\u9505\u5e97\uff01\n\u5728\u53e4\u8700\uff0c\u6211\u4eec\u63d0\u4f9b\u6765\u81ea\u4e2d\u56fd\u56db\u5ddd\u7684\u706b\u9505\u7279\u8272\u83dc\u3002\n\u4ec0\u4e48\u662f\u706b\u9505\uff1f\u5728\u706b\u9505\u4e2d\uff0c\u65b0\u9c9c\u7684\u98df\u6750\u5728\u9910\u684c\u4e0a\u7684\u8f9b\u8fa3\u6c64\u4e2d\u716e\u719f\uff0c\u5728\u53e4\u8700\u706b\u9505\u5e97\uff0c\u6211\u4eec\u63d0\u4f9b\u5927\u91cf\u9009\u62e9\u548c\u9ad8\u54c1\u8d28\u7684\u98df\u6750\uff01\u4ece\u7ecf\u5178\u7684\u7f8a\u8089\u5377\u5230\u9999\u8106\u7684\u83b2\u85d5\uff01\u53e4\u8700\u706b\u9505\u4e0e\u670b\u53cb\u548c\u5bb6\u4eba\u4e00\u8d77\u6765\uff0c\u5206\u4eab\u4f60\u7684\u7528\u9910\u4f53\u9a8c\u3002\u6211\u4eec\u662f\u5426\u5f15\u8d77\u4e86\u60a8\u7684\u5174\u8da3\uff1f\u6216\u8005\u60a8\u6709\u4efb\u4f55\u95ee\u9898\u5417\uff1f\u7ed9\u6211\u4eec\u6253\u7535\u8bdd\u6216\u7ed9\u6211\u4eec\u53d1\u7535\u5b50\u90ae\u4ef6\u3002\u6211\u4eec\u671f\u5f85\u60a8\u7684\u5149\u4e34\uff01<br><br> &#8212; \u60a8\u7684\u53e4\u8700\u56e2\u961f\u3002<\/div>\t\t\t\t\t\t<\/div>\n\t\t\t\t<\/div>\n\t\t\t\t\t<\/div>\n\t\t<\/div>\n\t\t\t\t\t\t\t<\/div>\n\t\t<\/section>\n\t\t\t\t<section class=\"elementor-section elementor-top-section elementor-element elementor-element-eb1517a elementor-section-boxed elementor-section-height-default elementor-section-height-default\" data-id=\"eb1517a\" data-element_type=\"section\">\n\t\t\t\t\t\t<div class=\"elementor-container elementor-column-gap-default\">\n\t\t\t\t\t<div class=\"elementor-column elementor-col-100 elementor-top-column elementor-element elementor-element-a4ebefa\" data-id=\"a4ebefa\" data-element_type=\"column\">\n\t\t\t<div class=\"elementor-widget-wrap elementor-element-populated\">\n\t\t\t\t\t\t\t\t<div class=\"elementor-element elementor-element-3c60564 elementor-arrows-position-inside elementor-widget elementor-widget-image-carousel\" data-id=\"3c60564\" data-element_type=\"widget\" data-settings=\"{&quot;slides_to_show&quot;:&quot;1&quot;,&quot;navigation&quot;:&quot;arrows&quot;,&quot;autoplay&quot;:&quot;yes&quot;,&quot;pause_on_hover&quot;:&quot;yes&quot;,&quot;pause_on_interaction&quot;:&quot;yes&quot;,&quot;autoplay_speed&quot;:5000,&quot;infinite&quot;:&quot;yes&quot;,&quot;effect&quot;:&quot;slide&quot;,&quot;speed&quot;:500}\" data-widget_type=\"image-carousel.default\">\n\t\t\t\t<div class=\"elementor-widget-container\">\n\t\t\t\t\t<div class=\"elementor-image-carousel-wrapper swiper-container\" dir=\"ltr\">\n\t\t\t<div class=\"elementor-image-carousel swiper-wrapper\">\n\t\t\t\t\t\t\t\t<div class=\"swiper-slide\"><figure class=\"swiper-slide-inner\"><img decoding=\"async\" class=\"swiper-slide-image\" src=\"https:\/\/gushu-hotpot.de\/wp-content\/uploads\/2021\/12\/DSCF6494_\u526f\u672c-scaled.jpg\" alt=\"DSCF6494_\u526f\u672c\" \/><\/figure><\/div><div class=\"swiper-slide\"><figure class=\"swiper-slide-inner\"><img decoding=\"async\" class=\"swiper-slide-image\" src=\"https:\/\/gushu-hotpot.de\/wp-content\/uploads\/2021\/12\/DSCF6580_\u526f\u672c-scaled.jpg\" alt=\"DSCF6580_\u526f\u672c\" \/><\/figure><\/div><div class=\"swiper-slide\"><figure class=\"swiper-slide-inner\"><img decoding=\"async\" class=\"swiper-slide-image\" src=\"https:\/\/gushu-hotpot.de\/wp-content\/uploads\/2021\/12\/DSCF6485_\u526f\u672c-scaled.jpg\" alt=\"DSCF6485_\u526f\u672c\" \/><\/figure><\/div><div class=\"swiper-slide\"><figure class=\"swiper-slide-inner\"><img decoding=\"async\" class=\"swiper-slide-image\" src=\"https:\/\/gushu-hotpot.de\/wp-content\/uploads\/2021\/12\/DSCF6504_\u526f\u672c-scaled.jpg\" alt=\"DSCF6504_\u526f\u672c\" \/><\/figure><\/div><div class=\"swiper-slide\"><figure class=\"swiper-slide-inner\"><img decoding=\"async\" class=\"swiper-slide-image\" src=\"https:\/\/gushu-hotpot.de\/wp-content\/uploads\/2021\/12\/\u6bdb\u809a.png\" alt=\"\u6bdb\u809a\" \/><\/figure><\/div><div class=\"swiper-slide\"><figure class=\"swiper-slide-inner\"><img decoding=\"async\" class=\"swiper-slide-image\" src=\"https:\/\/gushu-hotpot.de\/wp-content\/uploads\/2021\/12\/\u9165\u8089.png\" alt=\"\u9165\u8089\" \/><\/figure><\/div><div class=\"swiper-slide\"><figure class=\"swiper-slide-inner\"><img decoding=\"async\" class=\"swiper-slide-image\" src=\"https:\/\/gushu-hotpot.de\/wp-content\/uploads\/2021\/12\/DSCF6580_\u526f\u672c.png\" alt=\"DSCF6580_\u526f\u672c\" \/><\/figure><\/div><div class=\"swiper-slide\"><figure class=\"swiper-slide-inner\"><img decoding=\"async\" class=\"swiper-slide-image\" src=\"https:\/\/gushu-hotpot.de\/wp-content\/uploads\/2021\/12\/DSCF6486-1_\u526f\u672c-scaled.jpg\" alt=\"DSCF6486 (1)_\u526f\u672c\" \/><\/figure><\/div><div class=\"swiper-slide\"><figure class=\"swiper-slide-inner\"><img decoding=\"async\" class=\"swiper-slide-image\" src=\"https:\/\/gushu-hotpot.de\/wp-content\/uploads\/2021\/12\/DSCF6491_\u526f\u672c-scaled.jpg\" alt=\"DSCF6491_\u526f\u672c\" \/><\/figure><\/div><div class=\"swiper-slide\"><figure class=\"swiper-slide-inner\"><img decoding=\"async\" class=\"swiper-slide-image\" src=\"https:\/\/gushu-hotpot.de\/wp-content\/uploads\/2021\/12\/DSCF6493_\u526f\u672c-scaled.jpg\" alt=\"DSCF6493_\u526f\u672c\" \/><\/figure><\/div><div class=\"swiper-slide\"><figure class=\"swiper-slide-inner\"><img decoding=\"async\" class=\"swiper-slide-image\" src=\"https:\/\/gushu-hotpot.de\/wp-content\/uploads\/2021\/12\/\u5fae\u4fe1\u56fe\u7247_20211208093919_\u526f\u672c-scaled.jpg\" alt=\"\u5fae\u4fe1\u56fe\u7247_20211208093919_\u526f\u672c\" \/><\/figure><\/div>\t\t\t<\/div>\n\t\t\t\t\t\t\t\t\t\t\t\t\t\t\t\t<div class=\"elementor-swiper-button elementor-swiper-button-prev\">\n\t\t\t\t\t\t<i class=\"eicon-chevron-left\" aria-hidden=\"true\"><\/i>\n\t\t\t\t\t\t<span class=\"elementor-screen-only\">\u4e0a\u4e00\u9875<\/span>\n\t\t\t\t\t<\/div>\n\t\t\t\t\t<div class=\"elementor-swiper-button elementor-swiper-button-next\">\n\t\t\t\t\t\t<i class=\"eicon-chevron-right\" aria-hidden=\"true\"><\/i>\n\t\t\t\t\t\t<span class=\"elementor-screen-only\">\u4e0b\u4e00\u9875<\/span>\n\t\t\t\t\t<\/div>\n\t\t\t\t\t\t\t\t\t<\/div>\n\t\t\t\t<\/div>\n\t\t\t\t<\/div>\n\t\t\t\t\t<\/div>\n\t\t<\/div>\n\t\t\t\t\t\t\t<\/div>\n\t\t<\/section>\n\t\t\t\t<section class=\"elementor-section elementor-top-section elementor-element elementor-element-23dc75b elementor-section-boxed elementor-section-height-default elementor-section-height-default\" data-id=\"23dc75b\" data-element_type=\"section\">\n\t\t\t\t\t\t<div class=\"elementor-container elementor-column-gap-no\">\n\t\t\t\t\t<div class=\"elementor-column elementor-col-100 elementor-top-column elementor-element elementor-element-abe5108\" data-id=\"abe5108\" data-element_type=\"column\">\n\t\t\t<div class=\"elementor-widget-wrap elementor-element-populated\">\n\t\t\t\t\t\t\t\t<div class=\"elementor-element elementor-element-6a4afa1 elementor-widget__width-auto elementor-widget-mobile__width-inherit elementor-widget elementor-widget-heading\" data-id=\"6a4afa1\" data-element_type=\"widget\" data-widget_type=\"heading.default\">\n\t\t\t\t<div class=\"elementor-widget-container\">\n\t\t\t<h2 class=\"elementor-heading-title elementor-size-default\">Qualit\u00e4t aus Tradition<\/h2>\t\t<\/div>\n\t\t\t\t<\/div>\n\t\t\t\t<div class=\"elementor-element elementor-element-a72b8b2 elementor-position-left elementor-vertical-align-top elementor-widget elementor-widget-image-box\" data-id=\"a72b8b2\" data-element_type=\"widget\" data-widget_type=\"image-box.default\">\n\t\t\t\t<div class=\"elementor-widget-container\">\n\t\t\t<div class=\"elementor-image-box-wrapper\"><div class=\"elementor-image-box-content\"><p class=\"elementor-image-box-description\">Sichuan Hot Pot erschien etwa (1821-1851). <br>\nSichuan Hot Pot zeigt die Inklusivit\u00e4t der chinesischen K\u00fcche. Das Wort \"Hot Pot\" ist nicht nur der Name von Kochgeschirr, der Name der Utensilien, sondern auch die Methode des \"Essens\" und Kochutensilien, die Einheit der Utensilien.<br> Es zeigt die Harmonie des chinesischen Essens. Von der Verwendung von Rohstoffen, Suppe bis zur Koordination der Kochtechniken, mit dem gleichen Unterschied, der Unterschied zwischen der Summe, so dass Fleisch und Gem\u00fcse, roh und gekocht, w\u00fcrzig und s\u00fc\u00df, knackig und zart, Duft und starker Alkohol und andere wunderbare Kombinationen.<\/p><\/div><\/div>\t\t<\/div>\n\t\t\t\t<\/div>\n\t\t\t\t\t<\/div>\n\t\t<\/div>\n\t\t\t\t\t\t\t<\/div>\n\t\t<\/section>\n\t\t\t\t<section class=\"elementor-section elementor-top-section elementor-element elementor-element-9a23c01 elementor-section-boxed elementor-section-height-default elementor-section-height-default\" data-id=\"9a23c01\" data-element_type=\"section\">\n\t\t\t\t\t\t<div class=\"elementor-container elementor-column-gap-no\">\n\t\t\t\t\t<div class=\"elementor-column elementor-col-100 elementor-top-column elementor-element elementor-element-6013895\" data-id=\"6013895\" data-element_type=\"column\">\n\t\t\t<div class=\"elementor-widget-wrap elementor-element-populated\">\n\t\t\t\t\t\t\t\t<div class=\"elementor-element elementor-element-b736f29 elementor-widget__width-auto elementor-widget-mobile__width-inherit elementor-widget elementor-widget-heading\" data-id=\"b736f29\" data-element_type=\"widget\" data-widget_type=\"heading.default\">\n\t\t\t\t<div class=\"elementor-widget-container\">\n\t\t\t<h2 class=\"elementor-heading-title elementor-size-default\">\u4f20\u7edf\u4e0e\u54c1\u8d28<\/h2>\t\t<\/div>\n\t\t\t\t<\/div>\n\t\t\t\t<div class=\"elementor-element elementor-element-07bad3a elementor-position-left elementor-vertical-align-top elementor-widget elementor-widget-image-box\" data-id=\"07bad3a\" data-element_type=\"widget\" data-widget_type=\"image-box.default\">\n\t\t\t\t<div class=\"elementor-widget-container\">\n\t\t\t<div class=\"elementor-image-box-wrapper\"><div class=\"elementor-image-box-content\"><p class=\"elementor-image-box-description\">\u56db\u5ddd\u706b\u9505\u5927\u7ea6\u51fa\u73b0\uff081821-1851\uff09\u3002\n\u56db\u5ddd\u706b\u9505\u8868\u73b0\u4e86\u4e2d\u56fd\u70f9\u996a\u7684\u5305\u5bb9\u6027\u3002\u201c\u706b\u9505\u201d\u4e00\u8bcd\u65e2\u662f\u708a\u5177\u3001\u76db\u5177\u7684\u540d\u79f0\uff0c\u8fd8\u662f\u6280\u6cd5\u3001\u201c\u5403\u201d\u6cd5\u4e0e\u708a\u5177\u3001\u76db\u5177\u7684\u7edf\u4e00\u3002\u8868\u73b0\u4e86\u4e2d\u56fd\u996e\u98df\u4e4b\u9053\u8574\u542b\u7684\u548c\u8c10\u6027\u3002\u4ece\u539f\u6599\u3001\u6c64\u6599\u7684\u91c7\u7528\u5230\u70f9\u8c03\u6280\u6cd5\u7684\u914d\u5408\uff0c\u540c\u4e2d\u6c42\u5f02\uff0c\u5f02\u4e2d\u6c42\u548c\uff0c\u4f7f\u8364\u4e0e\u7d20\u3001\u751f\u4e0e\u719f\u3001\u9ebb\u8fa3\u4e0e\u9c9c\u751c\u3001\u5ae9\u8106\u4e0e\u7ef5\u70c2\u3001\u6e05\u9999\u4e0e\u6d53\u9187\u7b49\u7f8e\u5999\u5730\u7ed3\u5408\u5728\u4e00\u8d77\u3002\u7279\u522b\u5728\u6c11\u4fd7\u98ce\u60c5\u4e0a\uff0c\u5448\u73b0\u51fa\u4e00\u6d3e\u548c\u8c10\u4e0e\u6dcb\u6f13\u9163\u7545\u76f8\u6eb6\u4e4b\u573a\u666f\u548c\u5fc3\u7406\u611f\u53d7\uff0c\u8425\u9020\u51fa\u4e00\u79cd\u201c\u540c\u5fc3\u3001\u540c\u805a\u3001\u540c\u4eab\u3001\u540c\u4e50\u201d\u7684\u6587\u5316\u6c1b\u56f4\u3002 \u5b83\u6709\u8f83\u5927\u7684\u666e\u53ca\u6027\u3002\u5728\u56db\u5ddd\uff0c\u4e0a\u5230\u5b98\u5458\uff0c\u4e0b\u5230\u767e\u59d3\uff0c\u65e0\u4e00\u4e0d\u504f\u7231\u56db\u5ddd\u706b\u9505\uff0c\u5bb6\u5bb6\u90fd\u4f1a\u505a\u3002<\/p><\/div><\/div>\t\t<\/div>\n\t\t\t\t<\/div>\n\t\t\t\t\t<\/div>\n\t\t<\/div>\n\t\t\t\t\t\t\t<\/div>\n\t\t<\/section>\n\t\t\t\t<section class=\"elementor-section elementor-top-section elementor-element elementor-element-907abb9 elementor-section-boxed elementor-section-height-default elementor-section-height-default\" data-id=\"907abb9\" data-element_type=\"section\" data-settings=\"{&quot;background_background&quot;:&quot;classic&quot;}\">\n\t\t\t\t\t\t\t<div class=\"elementor-background-overlay\"><\/div>\n\t\t\t\t\t\t\t<div class=\"elementor-container elementor-column-gap-default\">\n\t\t\t\t\t<div class=\"elementor-column elementor-col-100 elementor-top-column elementor-element elementor-element-898eeff\" data-id=\"898eeff\" data-element_type=\"column\">\n\t\t\t<div class=\"elementor-widget-wrap\">\n\t\t\t\t\t\t\t\t\t<\/div>\n\t\t<\/div>\n\t\t\t\t\t\t\t<\/div>\n\t\t<\/section>\n\t\t\t\t<section class=\"elementor-section elementor-top-section elementor-element elementor-element-34cb3321 elementor-section-boxed elementor-section-height-default elementor-section-height-default\" data-id=\"34cb3321\" data-element_type=\"section\" data-settings=\"{&quot;background_background&quot;:&quot;classic&quot;}\">\n\t\t\t\t\t\t<div class=\"elementor-container elementor-column-gap-no\">\n\t\t\t\t\t<div class=\"elementor-column elementor-col-50 elementor-top-column elementor-element elementor-element-61970ddf\" data-id=\"61970ddf\" data-element_type=\"column\">\n\t\t\t<div class=\"elementor-widget-wrap elementor-element-populated\">\n\t\t\t\t\t\t\t\t<div class=\"elementor-element elementor-element-8427449 elementor-widget elementor-widget-heading\" data-id=\"8427449\" data-element_type=\"widget\" data-widget_type=\"heading.default\">\n\t\t\t\t<div class=\"elementor-widget-container\">\n\t\t\t<h2 class=\"elementor-heading-title elementor-size-default\">Von vielen geliebt<\/h2>\t\t<\/div>\n\t\t\t\t<\/div>\n\t\t\t\t<div class=\"elementor-element elementor-element-7ea01961 elementor-widget elementor-widget-testimonial\" data-id=\"7ea01961\" data-element_type=\"widget\" data-widget_type=\"testimonial.default\">\n\t\t\t\t<div class=\"elementor-widget-container\">\n\t\t\t\t\t<div class=\"elementor-testimonial-wrapper\">\n\t\t\t\t\t\t\t<div class=\"elementor-testimonial-content\">Das Restaurant ist eine ganz besondere Location!\nWie zahlreiche andere Restaurants dort, befindet es sich in einem alten Speichergeb\u00e4ude.\nDie asiatischen Speisen sind empfehlenswert.\nW\u00e4hrend der Corona-Beschr\u00e4nkungen kann das Essen bestellt und abgeholt werden.<\/div>\n\t\t\t\n\t\t\t\t\t\t<div class=\"elementor-testimonial-meta elementor-has-image elementor-testimonial-image-position-aside\">\n\t\t\t\t<div class=\"elementor-testimonial-meta-inner\">\n\t\t\t\t\t\t\t\t\t\t\t<div class=\"elementor-testimonial-image\">\n\t\t\t\t\t\t\t<img loading=\"lazy\" decoding=\"async\" width=\"200\" height=\"200\" src=\"https:\/\/gushu-hotpot.de\/wp-content\/uploads\/2021\/05\/customer-img.jpg\" class=\"attachment-full size-full\" alt=\"\" \/>\t\t\t\t\t\t<\/div>\n\t\t\t\t\t\n\t\t\t\t\t\t\t\t\t\t<div class=\"elementor-testimonial-details\">\n\t\t\t\t\t\t\t\t\t\t\t\t\t\t<div class=\"elementor-testimonial-name\">Jessica Sommer<\/div>\n\t\t\t\t\t\t\t\t\t\t\t\t\t\t\t\t\t\t\t<\/div>\n\t\t\t\t\t\t\t\t\t<\/div>\n\t\t\t<\/div>\n\t\t\t\t\t<\/div>\n\t\t\t\t<\/div>\n\t\t\t\t<\/div>\n\t\t\t\t\t<\/div>\n\t\t<\/div>\n\t\t\t\t<div class=\"elementor-column elementor-col-50 elementor-top-column elementor-element elementor-element-5b3729aa\" data-id=\"5b3729aa\" data-element_type=\"column\">\n\t\t\t<div class=\"elementor-widget-wrap elementor-element-populated\">\n\t\t\t\t\t\t\t\t<div class=\"elementor-element elementor-element-76411b5b elementor-widget elementor-widget-testimonial\" data-id=\"76411b5b\" data-element_type=\"widget\" data-widget_type=\"testimonial.default\">\n\t\t\t\t<div class=\"elementor-widget-container\">\n\t\t\t\t\t<div class=\"elementor-testimonial-wrapper\">\n\t\t\t\t\t\t\t<div class=\"elementor-testimonial-content\">\nSehr sch\u00f6nes Ambiente.  Man kann sich gem\u00fctlich durch verschiedene Kostbarkeiten futtern.\nDer Service ist nett und die Bestellungen werden flott geliefert.\u200b<\/div>\n\t\t\t\n\t\t\t\t\t\t<div class=\"elementor-testimonial-meta elementor-has-image elementor-testimonial-image-position-aside\">\n\t\t\t\t<div class=\"elementor-testimonial-meta-inner\">\n\t\t\t\t\t\t\t\t\t\t\t<div class=\"elementor-testimonial-image\">\n\t\t\t\t\t\t\t<img loading=\"lazy\" decoding=\"async\" width=\"200\" height=\"200\" src=\"https:\/\/gushu-hotpot.de\/wp-content\/uploads\/2021\/05\/customer-1.jpg\" class=\"attachment-full size-full\" alt=\"\" \/>\t\t\t\t\t\t<\/div>\n\t\t\t\t\t\n\t\t\t\t\t\t\t\t\t\t<div class=\"elementor-testimonial-details\">\n\t\t\t\t\t\t\t\t\t\t\t\t\t\t<div class=\"elementor-testimonial-name\">Bryan Lambert<\/div>\n\t\t\t\t\t\t\t\t\t\t\t\t\t\t\t\t\t\t\t<\/div>\n\t\t\t\t\t\t\t\t\t<\/div>\n\t\t\t<\/div>\n\t\t\t\t\t<\/div>\n\t\t\t\t<\/div>\n\t\t\t\t<\/div>\n\t\t\t\t<div class=\"elementor-element elementor-element-3814cc15 elementor-widget elementor-widget-testimonial\" data-id=\"3814cc15\" data-element_type=\"widget\" data-widget_type=\"testimonial.default\">\n\t\t\t\t<div class=\"elementor-widget-container\">\n\t\t\t\t\t<div class=\"elementor-testimonial-wrapper\">\n\t\t\t\t\t\t\t<div class=\"elementor-testimonial-content\">Essen immer frisch und lecker zubereitet.\nPersonal zuvorkommend, h\u00f6flich, sauber und schnell.<\/div>\n\t\t\t\n\t\t\t\t\t\t<div class=\"elementor-testimonial-meta elementor-has-image elementor-testimonial-image-position-aside\">\n\t\t\t\t<div class=\"elementor-testimonial-meta-inner\">\n\t\t\t\t\t\t\t\t\t\t\t<div class=\"elementor-testimonial-image\">\n\t\t\t\t\t\t\t<img loading=\"lazy\" decoding=\"async\" width=\"200\" height=\"200\" src=\"https:\/\/gushu-hotpot.de\/wp-content\/uploads\/2021\/05\/customer-img1.jpg\" class=\"attachment-full size-full\" alt=\"\" \/>\t\t\t\t\t\t<\/div>\n\t\t\t\t\t\n\t\t\t\t\t\t\t\t\t\t<div class=\"elementor-testimonial-details\">\n\t\t\t\t\t\t\t\t\t\t\t\t\t\t<div class=\"elementor-testimonial-name\">Kristin Foster<\/div>\n\t\t\t\t\t\t\t\t\t\t\t\t\t\t\t\t\t\t\t<\/div>\n\t\t\t\t\t\t\t\t\t<\/div>\n\t\t\t<\/div>\n\t\t\t\t\t<\/div>\n\t\t\t\t<\/div>\n\t\t\t\t<\/div>\n\t\t\t\t\t<\/div>\n\t\t<\/div>\n\t\t\t\t\t\t\t<\/div>\n\t\t<\/section>\n\t\t\t\t\t\t<\/div>\n\t\t\t\t\t<\/div>\n\t\t","protected":false},"excerpt":{"rendered":"<p>\u5173\u4e8e\u6211\u4eec \u00dcber uns GuShu-Hotpot Willkommen bei Gushu Hotpot! &hellip;<\/p>\n<p class=\"read-more\"> <a class=\"\" href=\"https:\/\/gushu-hotpot.de\/index.php\/about-2\/\"> <span class=\"screen-reader-text\">About<\/span> \u67e5\u770b\u5168\u6587 &raquo;<\/a><\/p>\n","protected":false},"author":1,"featured_media":0,"parent":0,"menu_order":0,"comment_status":"closed","ping_status":"closed","template":"","meta":{"om_disable_all_campaigns":false,"_monsterinsights_skip_tracking":false,"_monsterinsights_sitenote_active":false,"_monsterinsights_sitenote_note":"","_monsterinsights_sitenote_category":0,"footnotes":""},"class_list":["post-105","page","type-page","status-publish","hentry"],"_links":{"self":[{"href":"https:\/\/gushu-hotpot.de\/index.php\/wp-json\/wp\/v2\/pages\/105","targetHints":{"allow":["GET"]}}],"collection":[{"href":"https:\/\/gushu-hotpot.de\/index.php\/wp-json\/wp\/v2\/pages"}],"about":[{"href":"https:\/\/gushu-hotpot.de\/index.php\/wp-json\/wp\/v2\/types\/page"}],"author":[{"embeddable":true,"href":"https:\/\/gushu-hotpot.de\/index.php\/wp-json\/wp\/v2\/users\/1"}],"replies":[{"embeddable":true,"href":"https:\/\/gushu-hotpot.de\/index.php\/wp-json\/wp\/v2\/comments?post=105"}],"version-history":[{"count":100,"href":"https:\/\/gushu-hotpot.de\/index.php\/wp-json\/wp\/v2\/pages\/105\/revisions"}],"predecessor-version":[{"id":1538,"href":"https:\/\/gushu-hotpot.de\/index.php\/wp-json\/wp\/v2\/pages\/105\/revisions\/1538"}],"wp:attachment":[{"href":"https:\/\/gushu-hotpot.de\/index.php\/wp-json\/wp\/v2\/media?parent=105"}],"curies":[{"name":"wp","href":"https:\/\/api.w.org\/{rel}","templated":true}]}}